{"id":174,"date":"2022-02-04T14:48:34","date_gmt":"2022-02-04T14:48:34","guid":{"rendered":"https:\/\/clcv-88ouest.eu\/?page_id=174"},"modified":"2022-08-07T09:06:47","modified_gmt":"2022-08-07T09:06:47","slug":"page-dacceuil-2","status":"publish","type":"page","link":"https:\/\/clcv-88ouest.eu\/","title":{"rendered":"ACCUEIL"},"content":{"rendered":"\n<div class=\"wp-block-siteorigin-panels-layout-block\"><\/div>\n\n\n\n<div class=\"wp-block-columns is-layout-flex wp-container-core-columns-is-layout-9d6595d7 wp-block-columns-is-layout-flex\">\n<div class=\"wp-block-column is-layout-flow wp-block-column-is-layout-flow\">\n<h3><em><strong>Vous \u00eates confront\u00e9(e) \u00e0 un diff\u00e9rend avec votre banque, votre<br><\/strong><\/em><em><strong>op\u00e9rateur t\u00e9l\u00e9phonique, une administration, un voyagiste.<\/strong><\/em><br><em><strong>Vous contestez la qualit\u00e9 d&rsquo;un produit ou d&rsquo;un service achet\u00e9.<\/strong><\/em><br><em><strong>Vous avez constat\u00e9 ou subi une arnaque,<\/strong><\/em><br><em><strong>Vous n&rsquo;\u00eates pas d&rsquo;accord avec la r\u00e9\u00e9valuation de votre loyer,<\/strong><\/em><br><em><strong>Ou tout autre diff\u00e9rend de Consommation, de Logement ou de Cadre de Vie,<\/strong><\/em><\/h3>\n<p><\/p>\n<\/div>\n\n\n\n<div class=\"wp-block-column is-layout-flow wp-block-column-is-layout-flow\">\n<figure class=\"wp-block-image size-large is-resized\"><img loading=\"lazy\" decoding=\"async\" src=\"https:\/\/clcv-88ouest.eu\/wp-content\/uploads\/2022\/07\/adherentet-sur-site-1024x1012.jpg\" alt=\"\" class=\"wp-image-252\" width=\"390\" height=\"384\" srcset=\"https:\/\/clcv-88ouest.eu\/wp-content\/uploads\/2022\/07\/adherentet-sur-site-1024x1012.jpg 1024w, https:\/\/clcv-88ouest.eu\/wp-content\/uploads\/2022\/07\/adherentet-sur-site-300x296.jpg 300w, https:\/\/clcv-88ouest.eu\/wp-content\/uploads\/2022\/07\/adherentet-sur-site-768x759.jpg 768w, https:\/\/clcv-88ouest.eu\/wp-content\/uploads\/2022\/07\/adherentet-sur-site-1536x1518.jpg 1536w, https:\/\/clcv-88ouest.eu\/wp-content\/uploads\/2022\/07\/adherentet-sur-site.jpg 1588w\" sizes=\"auto, (max-width: 390px) 100vw, 390px\" \/><\/figure>\n<\/div>\n<\/div>\n\n\n\n<p class=\"has-text-align-center has-vivid-red-color has-text-color\"><em><strong><mark style=\"background-color:rgba(0, 0, 0, 0)\" class=\"has-inline-color has-vivid-red-color\">Permanences (sur Rendez-vous) Hors vacances scolaires<\/mark><br><mark style=\"background-color:rgba(0, 0, 0, 0)\" class=\"has-inline-color has-luminous-vivid-orange-color\">le 1\u00b0 mardi du mois de 10 h \u00e0 12 h au Centre Social de Neufchateau rue Victor Martin<br>le 3\u00b0 jeudi du mois de 10 h \u00e0 12 h \u00e0 la maison de convivialit\u00e9 (Centre Social  Maladiere)<\/mark><\/strong><\/em><\/p>\n","protected":false},"excerpt":{"rendered":"<p>Vous \u00eates confront\u00e9(e) \u00e0 un diff\u00e9rend avec votre banque, votreop\u00e9rateur t\u00e9l\u00e9phonique, une administration, un voyagiste.Vous contestez la qualit\u00e9 d&rsquo;un produit ou d&rsquo;un service achet\u00e9.Vous avez constat\u00e9 ou subi une arnaque,Vous n&rsquo;\u00eates pas d&rsquo;accord avec la r\u00e9\u00e9valuation de votre loyer,Ou tout autre diff\u00e9rend de Consommation, de Logement ou de Cadre de Vie, Permanences (sur Rendez-vous) Hors [&hellip;]<\/p>\n","protected":false},"author":1,"featured_media":0,"parent":0,"menu_order":0,"comment_status":"closed","ping_status":"closed","template":"home-panels.php","meta":{"footnotes":""},"class_list":["post-174","page","type-page","status-publish","hentry","post"],"yoast_head":"<!-- This site is optimized with the Yoast SEO plugin v27.4 - https:\/\/yoast.com\/product\/yoast-seo-wordpress\/ -->\n<title>ACCUEIL - CLCV - CONSOMMATION, LOGEMENT, CADRE DE VIE<\/title>\n<meta name=\"robots\" content=\"index, follow, max-snippet:-1, max-image-preview:large, max-video-preview:-1\" \/>\n<link rel=\"canonical\" href=\"https:\/\/clcv-88ouest.eu\/\" \/>\n<meta property=\"og:locale\" content=\"fr_FR\" \/>\n<meta property=\"og:type\" content=\"article\" \/>\n<meta property=\"og:title\" content=\"ACCUEIL - CLCV - CONSOMMATION, LOGEMENT, CADRE DE VIE\" \/>\n<meta property=\"og:description\" content=\"Vous \u00eates confront\u00e9(e) \u00e0 un diff\u00e9rend avec votre banque, votreop\u00e9rateur t\u00e9l\u00e9phonique, une administration, un voyagiste.Vous contestez la qualit\u00e9 d&rsquo;un produit ou d&rsquo;un service achet\u00e9.Vous avez constat\u00e9 ou subi une arnaque,Vous n&rsquo;\u00eates pas d&rsquo;accord avec la r\u00e9\u00e9valuation de votre loyer,Ou tout autre diff\u00e9rend de Consommation, de Logement ou de Cadre de Vie, Permanences (sur Rendez-vous) Hors [&hellip;]\" \/>\n<meta property=\"og:url\" content=\"https:\/\/clcv-88ouest.eu\/\" \/>\n<meta property=\"og:site_name\" content=\"CLCV - CONSOMMATION, LOGEMENT, CADRE DE VIE\" \/>\n<meta property=\"article:modified_time\" content=\"2022-08-07T09:06:47+00:00\" \/>\n<meta property=\"og:image\" content=\"https:\/\/clcv-88ouest.eu\/wp-content\/uploads\/2022\/07\/adherentet-sur-site-1024x1012.jpg\" \/>\n<meta name=\"twitter:card\" content=\"summary_large_image\" \/>\n<meta name=\"twitter:label1\" content=\"Dur\u00e9e de lecture estim\u00e9e\" \/>\n\t<meta name=\"twitter:data1\" content=\"1 minute\" \/>\n<script type=\"application\/ld+json\" class=\"yoast-schema-graph\">{\"@context\":\"https:\\\/\\\/schema.org\",\"@graph\":[{\"@type\":\"WebPage\",\"@id\":\"https:\\\/\\\/clcv-88ouest.eu\\\/\",\"url\":\"https:\\\/\\\/clcv-88ouest.eu\\\/\",\"name\":\"ACCUEIL - CLCV - CONSOMMATION, LOGEMENT, CADRE DE VIE\",\"isPartOf\":{\"@id\":\"https:\\\/\\\/clcv-88ouest.eu\\\/#website\"},\"primaryImageOfPage\":{\"@id\":\"https:\\\/\\\/clcv-88ouest.eu\\\/#primaryimage\"},\"image\":{\"@id\":\"https:\\\/\\\/clcv-88ouest.eu\\\/#primaryimage\"},\"thumbnailUrl\":\"https:\\\/\\\/clcv-88ouest.eu\\\/wp-content\\\/uploads\\\/2022\\\/07\\\/adherentet-sur-site-1024x1012.jpg\",\"datePublished\":\"2022-02-04T14:48:34+00:00\",\"dateModified\":\"2022-08-07T09:06:47+00:00\",\"breadcrumb\":{\"@id\":\"https:\\\/\\\/clcv-88ouest.eu\\\/#breadcrumb\"},\"inLanguage\":\"fr-FR\",\"potentialAction\":[{\"@type\":\"ReadAction\",\"target\":[\"https:\\\/\\\/clcv-88ouest.eu\\\/\"]}]},{\"@type\":\"ImageObject\",\"inLanguage\":\"fr-FR\",\"@id\":\"https:\\\/\\\/clcv-88ouest.eu\\\/#primaryimage\",\"url\":\"https:\\\/\\\/clcv-88ouest.eu\\\/wp-content\\\/uploads\\\/2022\\\/07\\\/adherentet-sur-site.jpg\",\"contentUrl\":\"https:\\\/\\\/clcv-88ouest.eu\\\/wp-content\\\/uploads\\\/2022\\\/07\\\/adherentet-sur-site.jpg\",\"width\":1588,\"height\":1569},{\"@type\":\"BreadcrumbList\",\"@id\":\"https:\\\/\\\/clcv-88ouest.eu\\\/#breadcrumb\",\"itemListElement\":[{\"@type\":\"ListItem\",\"position\":1,\"name\":\"Home\",\"item\":\"https:\\\/\\\/clcv-88ouest.eu\\\/\"},{\"@type\":\"ListItem\",\"position\":2,\"name\":\"ACCUEIL\"}]},{\"@type\":\"WebSite\",\"@id\":\"https:\\\/\\\/clcv-88ouest.eu\\\/#website\",\"url\":\"https:\\\/\\\/clcv-88ouest.eu\\\/\",\"name\":\"CLCV - CONSOMMATION, LOGEMENT, CADRE DE VIE\",\"description\":\"Association de d\u00e9fense des consommateurs\",\"potentialAction\":[{\"@type\":\"SearchAction\",\"target\":{\"@type\":\"EntryPoint\",\"urlTemplate\":\"https:\\\/\\\/clcv-88ouest.eu\\\/?s={search_term_string}\"},\"query-input\":{\"@type\":\"PropertyValueSpecification\",\"valueRequired\":true,\"valueName\":\"search_term_string\"}}],\"inLanguage\":\"fr-FR\"}]}<\/script>\n<!-- \/ Yoast SEO plugin. -->","yoast_head_json":{"title":"ACCUEIL - CLCV - CONSOMMATION, LOGEMENT, CADRE DE VIE","robots":{"index":"index","follow":"follow","max-snippet":"max-snippet:-1","max-image-preview":"max-image-preview:large","max-video-preview":"max-video-preview:-1"},"canonical":"https:\/\/clcv-88ouest.eu\/","og_locale":"fr_FR","og_type":"article","og_title":"ACCUEIL - CLCV - CONSOMMATION, LOGEMENT, CADRE DE VIE","og_description":"Vous \u00eates confront\u00e9(e) \u00e0 un diff\u00e9rend avec votre banque, votreop\u00e9rateur t\u00e9l\u00e9phonique, une administration, un voyagiste.Vous contestez la qualit\u00e9 d&rsquo;un produit ou d&rsquo;un service achet\u00e9.Vous avez constat\u00e9 ou subi une arnaque,Vous n&rsquo;\u00eates pas d&rsquo;accord avec la r\u00e9\u00e9valuation de votre loyer,Ou tout autre diff\u00e9rend de Consommation, de Logement ou de Cadre de Vie, Permanences (sur Rendez-vous) Hors [&hellip;]","og_url":"https:\/\/clcv-88ouest.eu\/","og_site_name":"CLCV - CONSOMMATION, LOGEMENT, CADRE DE VIE","article_modified_time":"2022-08-07T09:06:47+00:00","og_image":[{"url":"https:\/\/clcv-88ouest.eu\/wp-content\/uploads\/2022\/07\/adherentet-sur-site-1024x1012.jpg","type":"","width":"","height":""}],"twitter_card":"summary_large_image","twitter_misc":{"Dur\u00e9e de lecture estim\u00e9e":"1 minute"},"schema":{"@context":"https:\/\/schema.org","@graph":[{"@type":"WebPage","@id":"https:\/\/clcv-88ouest.eu\/","url":"https:\/\/clcv-88ouest.eu\/","name":"ACCUEIL - CLCV - CONSOMMATION, LOGEMENT, CADRE DE VIE","isPartOf":{"@id":"https:\/\/clcv-88ouest.eu\/#website"},"primaryImageOfPage":{"@id":"https:\/\/clcv-88ouest.eu\/#primaryimage"},"image":{"@id":"https:\/\/clcv-88ouest.eu\/#primaryimage"},"thumbnailUrl":"https:\/\/clcv-88ouest.eu\/wp-content\/uploads\/2022\/07\/adherentet-sur-site-1024x1012.jpg","datePublished":"2022-02-04T14:48:34+00:00","dateModified":"2022-08-07T09:06:47+00:00","breadcrumb":{"@id":"https:\/\/clcv-88ouest.eu\/#breadcrumb"},"inLanguage":"fr-FR","potentialAction":[{"@type":"ReadAction","target":["https:\/\/clcv-88ouest.eu\/"]}]},{"@type":"ImageObject","inLanguage":"fr-FR","@id":"https:\/\/clcv-88ouest.eu\/#primaryimage","url":"https:\/\/clcv-88ouest.eu\/wp-content\/uploads\/2022\/07\/adherentet-sur-site.jpg","contentUrl":"https:\/\/clcv-88ouest.eu\/wp-content\/uploads\/2022\/07\/adherentet-sur-site.jpg","width":1588,"height":1569},{"@type":"BreadcrumbList","@id":"https:\/\/clcv-88ouest.eu\/#breadcrumb","itemListElement":[{"@type":"ListItem","position":1,"name":"Home","item":"https:\/\/clcv-88ouest.eu\/"},{"@type":"ListItem","position":2,"name":"ACCUEIL"}]},{"@type":"WebSite","@id":"https:\/\/clcv-88ouest.eu\/#website","url":"https:\/\/clcv-88ouest.eu\/","name":"CLCV - CONSOMMATION, LOGEMENT, CADRE DE VIE","description":"Association de d\u00e9fense des consommateurs","potentialAction":[{"@type":"SearchAction","target":{"@type":"EntryPoint","urlTemplate":"https:\/\/clcv-88ouest.eu\/?s={search_term_string}"},"query-input":{"@type":"PropertyValueSpecification","valueRequired":true,"valueName":"search_term_string"}}],"inLanguage":"fr-FR"}]}},"_links":{"self":[{"href":"https:\/\/clcv-88ouest.eu\/index.php?rest_route=\/wp\/v2\/pages\/174","targetHints":{"allow":["GET"]}}],"collection":[{"href":"https:\/\/clcv-88ouest.eu\/index.php?rest_route=\/wp\/v2\/pages"}],"about":[{"href":"https:\/\/clcv-88ouest.eu\/index.php?rest_route=\/wp\/v2\/types\/page"}],"author":[{"embeddable":true,"href":"https:\/\/clcv-88ouest.eu\/index.php?rest_route=\/wp\/v2\/users\/1"}],"replies":[{"embeddable":true,"href":"https:\/\/clcv-88ouest.eu\/index.php?rest_route=%2Fwp%2Fv2%2Fcomments&post=174"}],"version-history":[{"count":26,"href":"https:\/\/clcv-88ouest.eu\/index.php?rest_route=\/wp\/v2\/pages\/174\/revisions"}],"predecessor-version":[{"id":267,"href":"https:\/\/clcv-88ouest.eu\/index.php?rest_route=\/wp\/v2\/pages\/174\/revisions\/267"}],"wp:attachment":[{"href":"https:\/\/clcv-88ouest.eu\/index.php?rest_route=%2Fwp%2Fv2%2Fmedia&parent=174"}],"curies":[{"name":"wp","href":"https:\/\/api.w.org\/{rel}","templated":true}]}}